{"id":40,"date":"2025-03-13T20:33:21","date_gmt":"2025-03-13T19:33:21","guid":{"rendered":"https:\/\/lessentiel-massages-eu.fr\/?page_id=40"},"modified":"2026-01-01T11:47:30","modified_gmt":"2026-01-01T10:47:30","slug":"lessentiel","status":"publish","type":"page","link":"https:\/\/lessentiel-massages-eu.fr\/","title":{"rendered":"L&rsquo;Essentiel"},"content":{"rendered":"\n<p>Bienvenue chez l\u2019Essentiel, votre espace bien \u00eatre au c\u0153ur de la ville d\u2019Eu.<\/p>\n\n\n\n<p>A quelques minutes de la mer, \u00e0 c\u00f4t\u00e9 des stations baln\u00e9aires du Tr\u00e9port et de Mers les bains, au sein des trois villes-soeurs, venez profiter d&rsquo;un moment de d\u00e9tente. En solo ou en duo, prenez le temps de prendre soin de vous gr\u00e2ce aux bienfaits d&rsquo;un massage bien \u00eatre professionnel.<\/p>\n\n\n\n<div class=\"wp-block-group has-background\" style=\"border-radius:10px;background-color:#f6f4f2;padding-top:30px;padding-right:15px;padding-bottom:30px;padding-left:15px\"><div class=\"wp-block-group__inner-container is-layout-constrained wp-container-core-group-is-layout-de751528 wp-block-group-is-layout-constrained\"><div class=\"wp-block-image\">\n<figure class=\"aligncenter size-large is-resized\"><img loading=\"lazy\" decoding=\"async\" width=\"1024\" height=\"1024\" src=\"http:\/\/lessentiel-massages-eu.fr\/wp-content\/uploads\/2025\/03\/Photo-Julie-site-internet-scaled-e1644767743336-1024x1024.jpeg\" alt=\"\" class=\"wp-image-95\" style=\"width:150px\" srcset=\"https:\/\/lessentiel-massages-eu.fr\/wp-content\/uploads\/2025\/03\/Photo-Julie-site-internet-scaled-e1644767743336-1024x1024.jpeg 1024w, https:\/\/lessentiel-massages-eu.fr\/wp-content\/uploads\/2025\/03\/Photo-Julie-site-internet-scaled-e1644767743336-300x300.jpeg 300w, https:\/\/lessentiel-massages-eu.fr\/wp-content\/uploads\/2025\/03\/Photo-Julie-site-internet-scaled-e1644767743336-150x150.jpeg 150w, https:\/\/lessentiel-massages-eu.fr\/wp-content\/uploads\/2025\/03\/Photo-Julie-site-internet-scaled-e1644767743336-768x768.jpeg 768w, https:\/\/lessentiel-massages-eu.fr\/wp-content\/uploads\/2025\/03\/Photo-Julie-site-internet-scaled-e1644767743336-1536x1536.jpeg 1536w, https:\/\/lessentiel-massages-eu.fr\/wp-content\/uploads\/2025\/03\/Photo-Julie-site-internet-scaled-e1644767743336.jpeg 1664w\" sizes=\"auto, (max-width: 1024px) 100vw, 1024px\" \/><\/figure>\n<\/div>\n\n\n<h1 class=\"wp-block-heading has-text-align-center\">JULIE<\/h1>\n\n\n\n<p class=\"has-text-align-center\"><em>Praticienne massages bien \u00eatre<\/em><\/p>\n\n\n\n<p><\/p>\n\n\n\n<p>Gr\u00e2ce aux diff\u00e9rentes techniques de massages apprises lors de mes formations, ensemble nous pourrons choisir le massage qui correspondra \u00e0 votre besoin et \u00e0 votre envie. <\/p>\n\n\n\n<p>Besoin d&rsquo;un massage localis\u00e9 (dos, visage, t\u00eate, jambes), ou d&rsquo;un massage corps ? choisissez la formule adapt\u00e9e \u00e0 votre budget.<\/p>\n\n\n\n<p>Des mouvements plus dynamiques et profonds \u00e0 ceux plus enveloppants, des \u00e9tirements passifs aux points de pression, notre gamme de massages (californien, oriental, lomi lomi, cr\u00e2nien, kobido, oriental &#8230; ) vous apportera un r\u00e9el moment de d\u00e9tente et de d\u00e9lassement, dans un lieu pens\u00e9 pour votre confort.<\/p>\n\n\n\n<p>Besoin de vous ressourcer \u00e0 deux ? Vous pourrez \u00e9galement profiter d\u2019un massage en duo , pour un moment de bien \u00eatre partag\u00e9.<\/p>\n<\/div><\/div>\n\n\n\n<div class=\"wp-block-group\" style=\"padding-top:var(--wp--preset--spacing--50);padding-bottom:var(--wp--preset--spacing--50)\"><div class=\"wp-block-group__inner-container is-layout-constrained wp-block-group-is-layout-constrained\">\n<p class=\"has-text-align-center\" style=\"padding-top:0;padding-bottom:0\"><strong>Les soins se font sur rendez vous du :<\/strong><\/p>\n\n\n\n<p class=\"has-text-align-center has-text-color has-link-color has-medium-font-size wp-elements-23ffa41894cddcab0b271a9a2ec9b8dc\" style=\"color:#577486\"><strong><em>lundi au samedi de 9h30 \u00e0 18h30<\/em><\/strong><\/p>\n<\/div><\/div>\n\n\n\n<div class=\"wp-block-group\" style=\"padding-top:var(--wp--preset--spacing--50);padding-bottom:var(--wp--preset--spacing--50)\"><div class=\"wp-block-group__inner-container is-layout-constrained wp-block-group-is-layout-constrained\">\n<p class=\"has-background\" style=\"border-radius:5px;background-color:#f6f4f2\">Pour l&rsquo;achat de vos <strong>cartes cadeaux<\/strong> (possibilit\u00e9 de les commander en ligne <a href=\"https:\/\/lessentiel-massages-eu.fr\/index.php\/cartes-cadeaux\/\" data-type=\"link\" data-id=\"https:\/\/lessentiel-massages-eu.fr\/index.php\/cartes-cadeaux\/\">https:\/\/lessentiel-massages-eu.fr\/index.php\/cartes-cadeaux\/<\/a> ), vos prises de rdv et toutes autres demandes de renseignements :<\/p>\n\n\n\n<p class=\"has-text-align-center\"> <strong>l&rsquo;accueil de l&rsquo;\u00e9tablissement est ouvert :<\/strong><\/p>\n\n\n\n<p class=\"has-text-align-center has-text-color has-link-color has-medium-font-size wp-elements-a4b8536d978f5eab899cabc84824a3d1\" style=\"color:#577486\"><strong>Mercredi de 17h30 \u00e0 18h30<\/strong><\/p>\n\n\n\n<p class=\"has-text-align-center has-text-color has-link-color has-medium-font-size wp-elements-666e6b107769d644be71b7c5c7b3f481\" style=\"color:#577486\"><strong><em>Vendredi de <\/em>10h \u00e0 11h<\/strong><\/p>\n\n\n\n<p class=\"has-text-align-center has-text-color has-link-color has-medium-font-size wp-elements-c0ab70574527410d031717951d235242\" style=\"color:#577486\"><strong><em>Samedi <\/em>de 13h30 \u00e0 14h30<\/strong><\/p>\n<\/div><\/div>\n\n\n\n<p style=\"padding-top:var(--wp--preset--spacing--80);padding-bottom:var(--wp--preset--spacing--80)\">N\u2019h\u00e9sitez pas \u00e0 prendre contact avec votre praticienne pour plus de renseignements     <a href=\"https:\/\/lessentiel-massages-eu.fr\/index.php\/contact\/\" data-type=\"page\" data-id=\"48\">Contact<\/a><\/p>\n\n\n\n<div class=\"alignnormal\"><div id=\"metaslider-id-393\" style=\"max-width: 700px; margin: 0 auto;\" class=\"ml-slider-3-97-0 metaslider metaslider-flex metaslider-393 ml-slider has-onhover-arrows ms-theme-default-base has-dots-nav\" role=\"region\" aria-roledescription=\"Slideshow\" aria-label=\"Nouveau diaporama\" data-width=\"700\">\n    <div id=\"metaslider_container_393\">\n        <div id=\"metaslider_393\">\n            <ul class='slides'>\n                <li style=\"display: block; width: 100%;\" class=\"slide-394 ms-image \" aria-roledescription=\"slide\" aria-label=\"slide-394\" data-date=\"2025-04-10 20:45:37\"><img loading=\"lazy\" decoding=\"async\" width=\"828\" height=\"219\" src=\"https:\/\/lessentiel-massages-eu.fr\/wp-content\/uploads\/2025\/04\/70f50ede-61cd-4d56-839d-41b601b53766.jpeg\" class=\"slider-393 slide-394\" alt=\"\" rel=\"\" title=\"70f50ede-61cd-4d56-839d-41b601b53766\" srcset=\"https:\/\/lessentiel-massages-eu.fr\/wp-content\/uploads\/2025\/04\/70f50ede-61cd-4d56-839d-41b601b53766.jpeg 828w, https:\/\/lessentiel-massages-eu.fr\/wp-content\/uploads\/2025\/04\/70f50ede-61cd-4d56-839d-41b601b53766-300x79.jpeg 300w, https:\/\/lessentiel-massages-eu.fr\/wp-content\/uploads\/2025\/04\/70f50ede-61cd-4d56-839d-41b601b53766-768x203.jpeg 768w\" sizes=\"auto, (max-width: 828px) 100vw, 828px\" \/><\/li>\n                <li style=\"display: none; width: 100%;\" class=\"slide-396 ms-image \" aria-roledescription=\"slide\" aria-label=\"slide-396\" data-date=\"2025-04-10 20:45:37\"><img loading=\"lazy\" decoding=\"async\" width=\"828\" height=\"323\" src=\"https:\/\/lessentiel-massages-eu.fr\/wp-content\/uploads\/2025\/04\/5ed3fc11-15dc-4e56-9898-f180fd37cc6f.jpeg\" class=\"slider-393 slide-396\" alt=\"\" rel=\"\" title=\"5ed3fc11-15dc-4e56-9898-f180fd37cc6f\" srcset=\"https:\/\/lessentiel-massages-eu.fr\/wp-content\/uploads\/2025\/04\/5ed3fc11-15dc-4e56-9898-f180fd37cc6f.jpeg 828w, https:\/\/lessentiel-massages-eu.fr\/wp-content\/uploads\/2025\/04\/5ed3fc11-15dc-4e56-9898-f180fd37cc6f-300x117.jpeg 300w, https:\/\/lessentiel-massages-eu.fr\/wp-content\/uploads\/2025\/04\/5ed3fc11-15dc-4e56-9898-f180fd37cc6f-768x300.jpeg 768w\" sizes=\"auto, (max-width: 828px) 100vw, 828px\" \/><\/li>\n                <li style=\"display: none; width: 100%;\" class=\"slide-397 ms-image \" aria-roledescription=\"slide\" aria-label=\"slide-397\" data-date=\"2025-04-10 20:45:37\"><img loading=\"lazy\" decoding=\"async\" width=\"828\" height=\"267\" src=\"https:\/\/lessentiel-massages-eu.fr\/wp-content\/uploads\/2025\/04\/91141d6b-0444-41a4-b041-72856bbbab94.jpeg\" class=\"slider-393 slide-397\" alt=\"\" rel=\"\" title=\"91141d6b-0444-41a4-b041-72856bbbab94\" srcset=\"https:\/\/lessentiel-massages-eu.fr\/wp-content\/uploads\/2025\/04\/91141d6b-0444-41a4-b041-72856bbbab94.jpeg 828w, https:\/\/lessentiel-massages-eu.fr\/wp-content\/uploads\/2025\/04\/91141d6b-0444-41a4-b041-72856bbbab94-300x97.jpeg 300w, https:\/\/lessentiel-massages-eu.fr\/wp-content\/uploads\/2025\/04\/91141d6b-0444-41a4-b041-72856bbbab94-768x248.jpeg 768w\" sizes=\"auto, (max-width: 828px) 100vw, 828px\" \/><\/li>\n                <li style=\"display: none; width: 100%;\" class=\"slide-398 ms-image \" aria-roledescription=\"slide\" aria-label=\"slide-398\" data-date=\"2025-04-10 20:45:37\"><img loading=\"lazy\" decoding=\"async\" width=\"828\" height=\"263\" src=\"https:\/\/lessentiel-massages-eu.fr\/wp-content\/uploads\/2025\/04\/0c16317b-22cf-4d6c-9fd0-1a7b61e54cf7.jpeg\" class=\"slider-393 slide-398\" alt=\"\" rel=\"\" title=\"0c16317b-22cf-4d6c-9fd0-1a7b61e54cf7\" srcset=\"https:\/\/lessentiel-massages-eu.fr\/wp-content\/uploads\/2025\/04\/0c16317b-22cf-4d6c-9fd0-1a7b61e54cf7.jpeg 828w, https:\/\/lessentiel-massages-eu.fr\/wp-content\/uploads\/2025\/04\/0c16317b-22cf-4d6c-9fd0-1a7b61e54cf7-300x95.jpeg 300w, https:\/\/lessentiel-massages-eu.fr\/wp-content\/uploads\/2025\/04\/0c16317b-22cf-4d6c-9fd0-1a7b61e54cf7-768x244.jpeg 768w\" sizes=\"auto, (max-width: 828px) 100vw, 828px\" \/><\/li>\n                <li style=\"display: none; width: 100%;\" class=\"slide-415 ms-image \" aria-roledescription=\"slide\" aria-label=\"slide-415\" data-date=\"2025-04-17 19:56:19\"><img loading=\"lazy\" decoding=\"async\" width=\"828\" height=\"347\" src=\"https:\/\/lessentiel-massages-eu.fr\/wp-content\/uploads\/2025\/04\/94159711-6e2e-47bd-bae9-d4c5abf47839.jpeg\" class=\"slider-393 slide-415\" alt=\"\" rel=\"\" title=\"94159711-6e2e-47bd-bae9-d4c5abf47839\" srcset=\"https:\/\/lessentiel-massages-eu.fr\/wp-content\/uploads\/2025\/04\/94159711-6e2e-47bd-bae9-d4c5abf47839.jpeg 828w, https:\/\/lessentiel-massages-eu.fr\/wp-content\/uploads\/2025\/04\/94159711-6e2e-47bd-bae9-d4c5abf47839-300x126.jpeg 300w, https:\/\/lessentiel-massages-eu.fr\/wp-content\/uploads\/2025\/04\/94159711-6e2e-47bd-bae9-d4c5abf47839-768x322.jpeg 768w\" sizes=\"auto, (max-width: 828px) 100vw, 828px\" \/><\/li>\n            <\/ul>\n        <\/div>\n        \n    <\/div>\n<\/div><\/div>\n","protected":false},"excerpt":{"rendered":"<p>Bienvenue chez l\u2019Essentiel, votre espace bien \u00eatre au c\u0153ur de la ville d\u2019Eu. A quelques minutes de la mer, \u00e0 c\u00f4t\u00e9 des stations baln\u00e9aires du Tr\u00e9port et de Mers les &hellip; <\/p>\n","protected":false},"author":2,"featured_media":193,"parent":0,"menu_order":0,"comment_status":"closed","ping_status":"closed","template":"","meta":{"footnotes":""},"class_list":["post-40","page","type-page","status-publish","has-post-thumbnail","hentry"],"_links":{"self":[{"href":"https:\/\/lessentiel-massages-eu.fr\/index.php\/wp-json\/wp\/v2\/pages\/40","targetHints":{"allow":["GET"]}}],"collection":[{"href":"https:\/\/lessentiel-massages-eu.fr\/index.php\/wp-json\/wp\/v2\/pages"}],"about":[{"href":"https:\/\/lessentiel-massages-eu.fr\/index.php\/wp-json\/wp\/v2\/types\/page"}],"author":[{"embeddable":true,"href":"https:\/\/lessentiel-massages-eu.fr\/index.php\/wp-json\/wp\/v2\/users\/2"}],"replies":[{"embeddable":true,"href":"https:\/\/lessentiel-massages-eu.fr\/index.php\/wp-json\/wp\/v2\/comments?post=40"}],"version-history":[{"count":39,"href":"https:\/\/lessentiel-massages-eu.fr\/index.php\/wp-json\/wp\/v2\/pages\/40\/revisions"}],"predecessor-version":[{"id":446,"href":"https:\/\/lessentiel-massages-eu.fr\/index.php\/wp-json\/wp\/v2\/pages\/40\/revisions\/446"}],"wp:featuredmedia":[{"embeddable":true,"href":"https:\/\/lessentiel-massages-eu.fr\/index.php\/wp-json\/wp\/v2\/media\/193"}],"wp:attachment":[{"href":"https:\/\/lessentiel-massages-eu.fr\/index.php\/wp-json\/wp\/v2\/media?parent=40"}],"curies":[{"name":"wp","href":"https:\/\/api.w.org\/{rel}","templated":true}]}}