{"id":26,"date":"2025-03-13T20:21:22","date_gmt":"2025-03-13T19:21:22","guid":{"rendered":"https:\/\/lessentiel-massages-eu.fr\/?page_id=26"},"modified":"2026-02-27T14:32:23","modified_gmt":"2026-02-27T13:32:23","slug":"les-massages","status":"publish","type":"page","link":"https:\/\/lessentiel-massages-eu.fr\/index.php\/les-massages\/","title":{"rendered":"Nos prestations"},"content":{"rendered":"\n<p>Selon nos activit\u00e9s, notre travail, mais \u00e9galement notre \u00e9tat \u00e9motionnel, notre fatigue, notre corps n&rsquo;a pas les m\u00eames besoins, c&rsquo;est pourquoi nous vous proposons une gamme de massages vari\u00e9s.<\/p>\n\n\n\n<p>Vous pouvez choisir un massage cibl\u00e9 (kobido, cr\u00e2nien, dos, jambes &#8230; ), un massage deux zones au choix, ou un massage corps aux diff\u00e9rentes techniques, qui sera \u00e9galement personnalis\u00e9 selon votre besoin.<\/p>\n\n\n\n<p>Envie de partager ce moment \u00e0 deux ? profitez d&rsquo;un massage corps d&rsquo;1h ou 1h30 adapt\u00e9 \u00e0 chacun.<\/p>\n\n\n\n<div class=\"wp-block-group is-nowrap is-layout-flex wp-container-core-group-is-layout-ad2f72ca wp-block-group-is-layout-flex\">\n<div class=\"wp-block-group has-border-color has-cyan-bluish-gray-border-color\" style=\"border-style:solid;border-width:1px;border-radius:10px;padding-top:var(--wp--preset--spacing--40);padding-right:var(--wp--preset--spacing--40);padding-bottom:var(--wp--preset--spacing--40);padding-left:var(--wp--preset--spacing--40)\"><div class=\"wp-block-group__inner-container is-layout-constrained wp-container-core-group-is-layout-65a08581 wp-block-group-is-layout-constrained\">\n<h4 class=\"wp-block-heading has-text-align-center has-black-color has-text-color has-link-color wp-elements-41184572c68343b7700823b870560c14\"><strong>MASSAGE EN DUO<\/strong> <\/h4>\n\n\n\n<p class=\"has-text-align-center\">TARIFS   1h     170\u20ac        1h30    230\u20ac<\/p>\n\n\n\n<figure class=\"wp-block-gallery aligncenter has-nested-images columns-default is-cropped wp-block-gallery-1 is-layout-flex wp-block-gallery-is-layout-flex\"><\/figure>\n\n\n<div class=\"wp-block-image is-style-rounded\">\n<figure class=\"aligncenter size-large\"><img loading=\"lazy\" decoding=\"async\" width=\"192\" height=\"102\" src=\"https:\/\/lessentiel-massages-eu.fr\/wp-content\/uploads\/2025\/12\/images-massage-duo.jpg\" alt=\"\" class=\"wp-image-435\"\/><\/figure>\n<\/div>\n\n\n<p class=\"has-text-align-center has-text-align-justify\" style=\"padding-top:var(--wp--preset--spacing--40);padding-right:var(--wp--preset--spacing--40);padding-bottom:var(--wp--preset--spacing--40);padding-left:var(--wp--preset--spacing--40)\">En couple, entre copines, m\u00e8re et fille, venez profiter d\u2019un moment de bien \u00eatre \u00e0 deux et d&rsquo;un massage personnalis\u00e9 pour chacun.<\/p>\n\n\n\n<div class=\"wp-block-buttons is-content-justification-center is-layout-flex wp-container-core-buttons-is-layout-e4b7dc7f wp-block-buttons-is-layout-flex\" style=\"padding-top:var(--wp--preset--spacing--50);padding-bottom:var(--wp--preset--spacing--50)\">\n<div class=\"wp-block-button\"><a class=\"wp-block-button__link has-white-color has-text-color has-link-color has-text-align-center wp-element-button\" href=\"https:\/\/www.planity.com\/lessentiel-76260-eu\">R\u00e9server<\/a><\/div>\n<\/div>\n<\/div><\/div>\n<\/div>\n\n\n\n<div class=\"wp-block-group\" style=\"border-radius:10px;padding-top:var(--wp--preset--spacing--50);padding-right:var(--wp--preset--spacing--50);padding-bottom:var(--wp--preset--spacing--50);padding-left:var(--wp--preset--spacing--50)\"><div class=\"wp-block-group__inner-container is-layout-constrained wp-container-core-group-is-layout-1c1b4f74 wp-block-group-is-layout-constrained\">\n<p class=\"has-text-align-center has-white-color has-cyan-bluish-gray-background-color has-text-color has-background has-link-color has-medium-font-size wp-elements-3d599eea1fa0090271dfcf880cb56f15\"><em>TARIFS   1h  75\u20ac         &#8211;         1h30  105\u20ac<\/em><\/p>\n\n\n\n<div class=\"wp-block-columns is-layout-flex wp-container-core-columns-is-layout-9d6595d7 wp-block-columns-is-layout-flex\">\n<div class=\"wp-block-column has-border-color has-cyan-bluish-gray-border-color is-layout-flow wp-block-column-is-layout-flow\" style=\"border-width:1px;border-radius:10px;padding-top:var(--wp--preset--spacing--40);padding-right:var(--wp--preset--spacing--40);padding-bottom:var(--wp--preset--spacing--40);padding-left:var(--wp--preset--spacing--40)\">\n<div class=\"wp-block-group\"><div class=\"wp-block-group__inner-container is-layout-flow wp-block-group-is-layout-flow\">\n<h4 class=\"wp-block-heading has-text-align-center has-black-color has-text-color has-link-color wp-elements-48729be709bb269ded8dd198a51b496e\"><strong>MASSAGE CALIFORNIEN<\/strong><\/h4>\n\n\n\n<p class=\"has-text-align-center has-text-align-justify\">Ce massage tout en douceur allant de la plante du pied jusqu\u2019au cuir chevelu, allie des effleurages, lissages, p\u00e9trissages permettant de procurer une relaxation profonde du corps et de l\u2019esprit.<\/p>\n<\/div><\/div>\n<\/div>\n\n\n\n<div class=\"wp-block-column has-border-color has-cyan-bluish-gray-border-color is-layout-flow wp-block-column-is-layout-flow\" style=\"border-width:1px;border-radius:10px;padding-top:var(--wp--preset--spacing--40);padding-right:var(--wp--preset--spacing--40);padding-bottom:var(--wp--preset--spacing--40);padding-left:var(--wp--preset--spacing--40)\">\n<div class=\"wp-block-group\" style=\"padding-top:0;padding-right:0;padding-bottom:0;padding-left:0\"><div class=\"wp-block-group__inner-container is-layout-flow wp-block-group-is-layout-flow\">\n<h4 class=\"wp-block-heading has-text-align-center has-black-color has-text-color has-link-color wp-elements-89e56f303bbe56fa164bb863ec842d30\"><strong>MASSAGE LOMI LOMI<\/strong> <\/h4>\n\n\n\n<p class=\"has-text-align-center has-text-align-justify\">Ce massage profond gr\u00e2ce \u00e0 l\u2019utilisation de la pression des avant-bras et des mains, ainsi qu\u2019aux \u00e9tirements passifs effectu\u00e9s sur les articulations, apporte un vrai moment de rel\u00e2chement et de d\u00e9tente musculaire pour tout votre corps. Votre corps et votre esprit se laissent doucement bercer par ce massage hawa\u00efen.<\/p>\n<\/div><\/div>\n<\/div>\n<\/div>\n\n\n\n<div class=\"wp-block-columns is-layout-flex wp-container-core-columns-is-layout-9d6595d7 wp-block-columns-is-layout-flex\">\n<div class=\"wp-block-column has-border-color has-cyan-bluish-gray-border-color is-layout-flow wp-block-column-is-layout-flow\" style=\"border-width:1px;border-radius:10px;padding-top:var(--wp--preset--spacing--40);padding-right:var(--wp--preset--spacing--40);padding-bottom:var(--wp--preset--spacing--40);padding-left:var(--wp--preset--spacing--40)\">\n<div class=\"wp-block-group\"><div class=\"wp-block-group__inner-container is-layout-flow wp-block-group-is-layout-flow\">\n<h4 class=\"wp-block-heading has-text-align-center has-black-color has-text-color has-link-color wp-elements-9781d33898712eb58f7a0a0977f948b0\"><strong><strong>MASSAGE ORIENTAL<\/strong><\/strong><\/h4>\n\n\n\n<p class=\"has-text-align-center has-text-align-justify\">Aux parfums d\u2019orient et \u00e0 l\u2019huile d\u2019argan, laissez vous aller aux longues man\u0153uvres \u00e0 la fois douces et dynamiques de ce massage favorisant la circulation, la d\u00e9contraction, et l\u2019assouplissement des muscles.<\/p>\n<\/div><\/div>\n<\/div>\n<\/div>\n\n\n\n<div class=\"wp-block-buttons is-content-justification-center is-layout-flex wp-container-core-buttons-is-layout-e4b7dc7f wp-block-buttons-is-layout-flex\" style=\"padding-top:var(--wp--preset--spacing--50);padding-bottom:var(--wp--preset--spacing--50)\">\n<div class=\"wp-block-button\"><a class=\"wp-block-button__link has-white-color has-text-color has-link-color has-text-align-center wp-element-button\" href=\"https:\/\/www.planity.com\/lessentiel-76260-eu\">R\u00e9server<\/a><\/div>\n<\/div>\n<\/div><\/div>\n\n\n\n<div class=\"wp-block-group\"><div class=\"wp-block-group__inner-container is-layout-constrained wp-block-group-is-layout-constrained\">\n<p class=\"has-text-align-center has-white-color has-cyan-bluish-gray-background-color has-text-color has-background has-link-color has-medium-font-size wp-elements-e0525f106ee58d497c5a314e6c002377\">TARIF <em>30 min &#8211; 40\u20ac<\/em><\/p>\n\n\n\n<div class=\"wp-block-columns is-layout-flex wp-container-core-columns-is-layout-9d6595d7 wp-block-columns-is-layout-flex\">\n<div class=\"wp-block-column has-border-color is-layout-flow wp-block-column-is-layout-flow\" style=\"border-color:#abb8c3;border-width:1px;border-radius:10px;padding-top:var(--wp--preset--spacing--40);padding-right:var(--wp--preset--spacing--40);padding-bottom:var(--wp--preset--spacing--40);padding-left:var(--wp--preset--spacing--40)\">\n<div class=\"wp-block-group has-black-color has-text-color has-link-color wp-elements-8113ebe36efb26aecce4eed0bb954c3c\" style=\"padding-top:0;padding-right:0;padding-bottom:0;padding-left:0\"><div class=\"wp-block-group__inner-container is-layout-flow wp-block-group-is-layout-flow\">\n<h4 class=\"wp-block-heading has-text-align-center has-black-color has-text-color has-link-color wp-elements-6f25a54654bcf97ca796729be3b00e5e\"><strong>MASSAGE  CR\u00c2NIEN<\/strong><\/h4>\n\n\n\n<p class=\"has-text-align-center has-text-align-justify\">Les vertus relaxantes du massage cr\u00e2nien ne sont plus \u00e0 d\u00e9montrer. Cette zone particuli\u00e8rement sensible du corps permet une d\u00e9tente profonde et rapide. Les tensions de la nuque seront soulag\u00e9es, la microcirculation du cuir chevelu activ\u00e9e et le mental repos\u00e9.<\/p>\n<\/div><\/div>\n<\/div>\n\n\n\n<div class=\"wp-block-column has-border-color is-layout-flow wp-block-column-is-layout-flow\" style=\"border-color:#abb8c3;border-width:1px;border-radius:10px;padding-top:var(--wp--preset--spacing--40);padding-right:var(--wp--preset--spacing--40);padding-bottom:var(--wp--preset--spacing--40);padding-left:var(--wp--preset--spacing--40)\">\n<div class=\"wp-block-group\"><div class=\"wp-block-group__inner-container is-layout-flow wp-block-group-is-layout-flow\">\n<h4 class=\"wp-block-heading has-text-align-center has-black-color has-text-color has-link-color wp-elements-3cf475ffb7c2d5128f41265608864fc2\"><strong><strong>MASSAGE BIEN ETRE JAMBES<\/strong><\/strong><\/h4>\n\n\n\n<p class=\"has-text-align-center has-text-align-justify\">Offrez \u00e0 vos jambes et \u00e0 vos pieds, un moment pour rel\u00e2cher les tensions. Gr\u00e2ce aux diff\u00e9rentes techniques de ce massage, retrouver des jambes plus l\u00e9g\u00e8res, des muscles d\u00e9tendus et un bien \u00eatre g\u00e9n\u00e9ral.<\/p>\n<\/div><\/div>\n<\/div>\n<\/div>\n\n\n\n<div class=\"wp-block-columns is-layout-flex wp-container-core-columns-is-layout-9d6595d7 wp-block-columns-is-layout-flex\">\n<div class=\"wp-block-column has-border-color is-layout-flow wp-block-column-is-layout-flow\" style=\"border-color:#abb8c3;border-width:1px;border-radius:10px;padding-top:var(--wp--preset--spacing--40);padding-right:var(--wp--preset--spacing--40);padding-bottom:var(--wp--preset--spacing--40);padding-left:var(--wp--preset--spacing--40)\">\n<div class=\"wp-block-group\"><div class=\"wp-block-group__inner-container is-layout-flow wp-block-group-is-layout-flow\">\n<h4 class=\"wp-block-heading has-text-align-center has-black-color has-text-color has-link-color wp-elements-3efad3a6b7a0c584d738e7f7d83b1b9f\"><strong><strong>MASSAGE DELASSANT DOS<\/strong><\/strong><\/h4>\n\n\n\n<p class=\"has-text-align-center has-text-align-justify\">Sollicit\u00e9 au quotidien, en perp\u00e9tuel adaptation \u00e0 notre environnement et \u00e0 notre \u00e9tat \u00e9motionnel, apportez lui gr\u00e2ce aux man\u0153uvres profondes de ce massage soin et attention.<\/p>\n<\/div><\/div>\n<\/div>\n\n\n\n<div class=\"wp-block-column is-layout-flow wp-block-column-is-layout-flow\" style=\"padding-top:var(--wp--preset--spacing--40);padding-right:var(--wp--preset--spacing--40);padding-bottom:var(--wp--preset--spacing--40);padding-left:var(--wp--preset--spacing--40)\"><\/div>\n\n\n\n<div class=\"wp-block-column has-border-color is-layout-flow wp-block-column-is-layout-flow\" style=\"border-color:#abb8c3;border-width:1px;border-radius:10px;padding-top:var(--wp--preset--spacing--40);padding-right:var(--wp--preset--spacing--40);padding-bottom:var(--wp--preset--spacing--40);padding-left:var(--wp--preset--spacing--40)\">\n<div class=\"wp-block-group\"><div class=\"wp-block-group__inner-container is-layout-flow wp-block-group-is-layout-flow\">\n<h4 class=\"wp-block-heading has-text-align-center has-black-color has-text-color has-link-color wp-elements-35b866ab015d79a4b3b1efe00c63d752\"><strong><strong>RELAXANT PIEDS<\/strong><\/strong><\/h4>\n\n\n\n<p class=\"has-text-align-center has-text-align-justify\">Le massage des pieds est une technique de bien \u00eatre utilis\u00e9e depuis des mill\u00e9naires. Il procure une sensation de d\u00e9tente profonde, am\u00e9liore la circulation sanguine, soulage du stress et favorise l&rsquo;\u00e9quilibre \u00e9nerg\u00e9tique.<\/p>\n<\/div><\/div>\n<\/div>\n<\/div>\n\n\n\n<div class=\"wp-block-buttons is-content-justification-center is-layout-flex wp-container-core-buttons-is-layout-e4b7dc7f wp-block-buttons-is-layout-flex\" style=\"padding-top:var(--wp--preset--spacing--50);padding-bottom:var(--wp--preset--spacing--50)\">\n<div class=\"wp-block-button\"><a class=\"wp-block-button__link has-white-color has-text-color has-link-color wp-element-button\">R\u00e9server<\/a><\/div>\n<\/div>\n<\/div><\/div>\n\n\n\n<div style=\"height:50px\" aria-hidden=\"true\" class=\"wp-block-spacer\"><\/div>\n\n\n\n<div class=\"wp-block-group\" style=\"border-style:none;border-width:0px;padding-top:0;padding-right:0;padding-bottom:0;padding-left:0\"><div class=\"wp-block-group__inner-container is-layout-flow wp-block-group-is-layout-flow\">\n<p class=\"has-text-align-center has-white-color has-cyan-bluish-gray-background-color has-text-color has-background has-link-color has-medium-font-size wp-elements-76f6311041abef5e1b9bd7be1ffdb691\">TARIF <em>45 min &#8211; 58\u20ac<\/em><\/p>\n\n\n\n<div class=\"wp-block-columns is-layout-flex wp-container-core-columns-is-layout-9d6595d7 wp-block-columns-is-layout-flex\">\n<div class=\"wp-block-column has-border-color is-layout-flow wp-block-column-is-layout-flow\" style=\"border-color:#abb8c3;border-width:1px;border-radius:10px;padding-top:var(--wp--preset--spacing--40);padding-right:var(--wp--preset--spacing--40);padding-bottom:var(--wp--preset--spacing--40);padding-left:var(--wp--preset--spacing--40)\">\n<div class=\"wp-block-group\" style=\"padding-top:0;padding-right:0;padding-bottom:0;padding-left:0\"><div class=\"wp-block-group__inner-container is-layout-constrained wp-container-core-group-is-layout-c6b4b7cd wp-block-group-is-layout-constrained\">\n<h4 class=\"wp-block-heading has-text-align-center has-black-color has-text-color has-link-color wp-elements-1d928e328eb9a642b353594f81a37c0f\"><strong>MASSAGE DEUX ZONES<\/strong><\/h4>\n\n\n\n<p class=\"has-text-align-center has-text-align-justify\">Choisissez les deux zones que vous souhaitez afin de profiter d&rsquo;un massage personnalis\u00e9<br>(au choix : T\u00eate, Visage, Dos, Jambes, Pieds, Bras et mains)<\/p>\n<\/div><\/div>\n<\/div>\n\n\n\n<div class=\"wp-block-column has-border-color has-cyan-bluish-gray-border-color is-layout-flow wp-block-column-is-layout-flow\" style=\"border-width:1px;border-radius:10px;padding-top:var(--wp--preset--spacing--40);padding-right:var(--wp--preset--spacing--40);padding-bottom:var(--wp--preset--spacing--40);padding-left:var(--wp--preset--spacing--40)\">\n<div class=\"wp-block-group\"><div class=\"wp-block-group__inner-container is-layout-flow wp-block-group-is-layout-flow\">\n<h4 class=\"wp-block-heading has-text-align-center has-black-color has-text-color has-link-color wp-elements-23dc16c7ad3c94a6f0ddbc9957bdd358\"><strong>MASSAGE KOBIDO COUP D&rsquo;ECLAT VISAGE<\/strong><\/h4>\n\n\n\n<p class=\"has-text-align-center has-text-align-justify\">Le massage kobido est connu pour son effet lifting ainsi que ses vertus oxyg\u00e9nantes, drainantes et relaxantes. Obtenez un teint frais, un visage plus rebondi et d\u00e9tendu ainsi qu\u2019un effet bonne mine et anti \u00e2ge gr\u00e2ce aux propri\u00e9t\u00e9s de l\u2019huile biologique de rose musqu\u00e9e.<\/p>\n<\/div><\/div>\n<\/div>\n<\/div>\n\n\n\n<div class=\"wp-block-buttons is-content-justification-center is-layout-flex wp-container-core-buttons-is-layout-e4b7dc7f wp-block-buttons-is-layout-flex\" style=\"padding-top:var(--wp--preset--spacing--50);padding-bottom:var(--wp--preset--spacing--50)\">\n<div class=\"wp-block-button\"><a class=\"wp-block-button__link has-white-color has-text-color has-link-color has-text-align-center wp-element-button\" href=\"https:\/\/www.planity.com\/lessentiel-76260-eu\">R\u00e9server<\/a><\/div>\n<\/div>\n<\/div><\/div>\n\n\n\n<div style=\"height:50px\" aria-hidden=\"true\" class=\"wp-block-spacer\"><\/div>\n\n\n\n<div class=\"wp-block-group\"><div class=\"wp-block-group__inner-container is-layout-constrained wp-block-group-is-layout-constrained\">\n<div class=\"wp-block-group has-border-color\" style=\"border-color:#abb8c3;border-style:solid;border-width:1px;border-radius:10px;padding-top:var(--wp--preset--spacing--40);padding-right:var(--wp--preset--spacing--40);padding-bottom:var(--wp--preset--spacing--40);padding-left:var(--wp--preset--spacing--40)\"><div class=\"wp-block-group__inner-container is-layout-constrained wp-container-core-group-is-layout-af10a197 wp-block-group-is-layout-constrained\">\n<h4 class=\"wp-block-heading has-text-align-center has-black-color has-text-color has-link-color wp-elements-45374452a8dbc87e6f5c8781b2f832af\"><strong>MASSAGE L&rsquo;ESSENTIEL AUX SERVIETTES CHAUDES<\/strong><\/h4>\n\n\n\n<p class=\"has-text-align-center\">1h30 115\u20ac<\/p>\n\n\n<div class=\"wp-block-image is-style-rounded\">\n<figure class=\"aligncenter size-full is-resized\"><img loading=\"lazy\" decoding=\"async\" width=\"665\" height=\"500\" src=\"https:\/\/lessentiel-massages-eu.fr\/wp-content\/uploads\/2025\/04\/massage-serviettes-chaudes.jpg\" alt=\"\" class=\"wp-image-296\" style=\"aspect-ratio:16\/9;object-fit:cover;width:200px\" srcset=\"https:\/\/lessentiel-massages-eu.fr\/wp-content\/uploads\/2025\/04\/massage-serviettes-chaudes.jpg 665w, https:\/\/lessentiel-massages-eu.fr\/wp-content\/uploads\/2025\/04\/massage-serviettes-chaudes-300x226.jpg 300w, https:\/\/lessentiel-massages-eu.fr\/wp-content\/uploads\/2025\/04\/massage-serviettes-chaudes-640x480.jpg 640w, https:\/\/lessentiel-massages-eu.fr\/wp-content\/uploads\/2025\/04\/massage-serviettes-chaudes-110x83.jpg 110w\" sizes=\"auto, (max-width: 665px) 100vw, 665px\" \/><\/figure>\n<\/div>\n\n\n<p class=\"has-text-align-center has-text-align-justify\">L\u2019alliance parfaite de mouvements choisis pour amener le corps vers une relaxation profonde et l\u2019utilisation de serviettes chaudes enveloppantes et d\u00e9contractantes appel\u00e9es \u00ab&nbsp;oshibori&nbsp;\u00bb.<\/p>\n\n\n\n<div class=\"wp-block-buttons is-content-justification-center is-layout-flex wp-container-core-buttons-is-layout-e4b7dc7f wp-block-buttons-is-layout-flex\" style=\"padding-top:var(--wp--preset--spacing--50);padding-bottom:var(--wp--preset--spacing--50)\">\n<div class=\"wp-block-button\"><a class=\"wp-block-button__link has-white-color has-text-color has-link-color has-text-align-center wp-element-button\" href=\"https:\/\/www.planity.com\/lessentiel-76260-eu\">R\u00e9server<\/a><\/div>\n<\/div>\n<\/div><\/div>\n\n\n\n<div style=\"height:50px\" aria-hidden=\"true\" class=\"wp-block-spacer\"><\/div>\n<\/div><\/div>\n\n\n\n<div style=\"height:50px\" aria-hidden=\"true\" class=\"wp-block-spacer\"><\/div>\n\n\n\n<div class=\"wp-block-cover alignfull\" style=\"min-height:227px;aspect-ratio:unset;\"><img decoding=\"async\" class=\"wp-block-cover__image-background wp-image-435\" alt=\"\" src=\"https:\/\/bienetre-lessentiel.fr\/wp-content\/uploads\/2022\/01\/IMG_5590.jpg\" data-object-fit=\"cover\"\/><span aria-hidden=\"true\" class=\"wp-block-cover__background has-background-dim\"><\/span><div class=\"wp-block-cover__inner-container is-layout-flow wp-block-cover-is-layout-flow\">\n<h1 class=\"wp-block-heading has-text-align-center\"><strong> LES BIENFAITS DU MASSAGE <\/strong><\/h1>\n<\/div><\/div>\n\n\n\n<div class=\"wp-block-group alignfull\" style=\"padding-top:var(--wp--preset--spacing--40);padding-right:var(--wp--preset--spacing--40);padding-bottom:var(--wp--preset--spacing--40);padding-left:var(--wp--preset--spacing--40)\"><div class=\"wp-block-group__inner-container is-layout-flow wp-block-group-is-layout-flow\">\n<ul class=\"wp-block-list has-medium-font-size\">\n<li><strong><em>R\u00e9duction du stress<\/em><\/strong><\/li>\n<\/ul>\n\n\n\n<p>Le massage stimule les r\u00e9cepteurs de la peau qui influent sur le syst\u00e8me nerveux et favorise la production d\u2019endorphine, de dopamine et s\u00e9rotonine, celles-ci ont un effet anxiolytique et d\u00e9clenchent une sensation de bien \u00eatre qui d\u00e9tend et apaise. Le massage r\u00e9duit le stress et favorise la bonne humeur.<\/p>\n\n\n\n<p>Il participe ainsi \u00e0 l\u2019am\u00e9lioration du sommeil mais aussi de la circulation sanguine.<\/p>\n\n\n\n<div style=\"height:25px\" aria-hidden=\"true\" class=\"wp-block-spacer\"><\/div>\n\n\n\n<ul class=\"wp-block-list has-medium-font-size\">\n<li><strong><em>Renforcement du syst\u00e8me immunitaire&nbsp;<\/em><\/strong><\/li>\n<\/ul>\n\n\n\n<p>Le massage permet de stimuler la circulation de la lymphe \u00e0 travers le corps et ainsi de renforcer son action de d\u00e9fense. Il favorise \u00e9galement l\u2019\u00e9limination des toxines. Il est recommand\u00e9 de bien s\u2019hydrater apr\u00e8s un massage.<\/p>\n\n\n\n<p>La massoth\u00e9rapie est une m\u00e9thode naturelle qui permet d\u2019avoir un impact positif sur l\u2019ensemble du corps aussi bien physique que mental.<\/p>\n<\/div><\/div>\n\n\n\n<p class=\"has-text-align-center has-large-font-size\" style=\"padding-top:var(--wp--preset--spacing--60);padding-right:var(--wp--preset--spacing--60);padding-bottom:var(--wp--preset--spacing--60);padding-left:var(--wp--preset--spacing--60)\">Voil\u00e0 pourquoi il est bon pour nous de profiter de ses bienfaits.<\/p>\n\n\n\n<p><\/p>\n","protected":false},"excerpt":{"rendered":"<p>Selon nos activit\u00e9s, notre travail, mais \u00e9galement notre \u00e9tat \u00e9motionnel, notre fatigue, notre corps n&rsquo;a pas les m\u00eames besoins, c&rsquo;est pourquoi nous vous proposons une gamme de massages vari\u00e9s. Vous &hellip; <\/p>\n","protected":false},"author":2,"featured_media":206,"parent":0,"menu_order":0,"comment_status":"closed","ping_status":"closed","template":"","meta":{"footnotes":""},"class_list":["post-26","page","type-page","status-publish","has-post-thumbnail","hentry"],"_links":{"self":[{"href":"https:\/\/lessentiel-massages-eu.fr\/index.php\/wp-json\/wp\/v2\/pages\/26","targetHints":{"allow":["GET"]}}],"collection":[{"href":"https:\/\/lessentiel-massages-eu.fr\/index.php\/wp-json\/wp\/v2\/pages"}],"about":[{"href":"https:\/\/lessentiel-massages-eu.fr\/index.php\/wp-json\/wp\/v2\/types\/page"}],"author":[{"embeddable":true,"href":"https:\/\/lessentiel-massages-eu.fr\/index.php\/wp-json\/wp\/v2\/users\/2"}],"replies":[{"embeddable":true,"href":"https:\/\/lessentiel-massages-eu.fr\/index.php\/wp-json\/wp\/v2\/comments?post=26"}],"version-history":[{"count":126,"href":"https:\/\/lessentiel-massages-eu.fr\/index.php\/wp-json\/wp\/v2\/pages\/26\/revisions"}],"predecessor-version":[{"id":449,"href":"https:\/\/lessentiel-massages-eu.fr\/index.php\/wp-json\/wp\/v2\/pages\/26\/revisions\/449"}],"wp:featuredmedia":[{"embeddable":true,"href":"https:\/\/lessentiel-massages-eu.fr\/index.php\/wp-json\/wp\/v2\/media\/206"}],"wp:attachment":[{"href":"https:\/\/lessentiel-massages-eu.fr\/index.php\/wp-json\/wp\/v2\/media?parent=26"}],"curies":[{"name":"wp","href":"https:\/\/api.w.org\/{rel}","templated":true}]}}